{"id":10951,"date":"2019-06-20T17:19:55","date_gmt":"2019-06-20T17:19:55","guid":{"rendered":"https:\/\/www.iefc.ca\/structures-de-location\/"},"modified":"2023-04-04T22:45:49","modified_gmt":"2023-04-04T22:45:49","slug":"structures-de-location","status":"publish","type":"page","link":"https:\/\/www.iefc.ca\/fr\/structures-de-location\/","title":{"rendered":"Structures de location"},"content":{"rendered":"<div class=\"wpb-content-wrapper\"><div class=\"vc_row wpb_row vc_row-fluid vc_custom_1611689340090 vc_column-gap-30\"><div class=\"wpb_column vc_column_container vc_col-sm-12\"><div class=\"vc_column-inner\"><div class=\"wpb_wrapper\"><h2 style=\"color: #e82428;text-align: left\" class=\"vc_custom_heading vc_do_custom_heading\" >STRUCTURES DE LOCATION ADAPT\u00c9ES \u00c0 VOS BESOINS<\/h2><\/div><\/div><\/div><\/div><div class=\"vc_row wpb_row vc_row-fluid vc_custom_1563798831300 vc_column-gap-30 vc_row-o-equal-height vc_row-flex\"><div class=\"white-txt wpb_animate_when_almost_visible wpb_fadeInUp fadeInUp wpb_column vc_column_container vc_col-sm-6 vc_col-has-fill\"><div class=\"vc_column-inner vc_custom_1642090345722\"><div class=\"wpb_wrapper\">\n\t<div class=\"wpb_text_column wpb_content_element\" >\n\t\t<div class=\"wpb_wrapper\">\n\t\t\t<h3>SOLUTION DE RAFRA\u00ceCHISSEMENT TECHNOLOGIQUE<\/h3>\n\n\t\t<\/div>\n\t<\/div>\n<div class=\"vc_empty_space\"   style=\"height: 40px\"><span class=\"vc_empty_space_inner\"><\/span><\/div>\n\t<div class=\"wpb_text_column wpb_content_element\" >\n\t\t<div class=\"wpb_wrapper\">\n\t\t\t<p>Con\u00e7u pour assurer et ex\u00e9cuter le futur rafra\u00eechissement de l&rsquo;\u00e9quipement TI, le contrat comprend une d\u00e9pense mensuelle r\u00e9currente pendant la dur\u00e9e du bail et inclut la flexibilit\u00e9 de retourner, prolonger ou acheter l&rsquo;\u00e9quipement \u00e0 la fin du bail. Pas de d\u00e9p\u00f4t ni de loyer initial, pas de frais de r\u00e9approvisionnement ni de garanties r\u00e9siduelles.<\/p>\n\n\t\t<\/div>\n\t<\/div>\n<\/div><\/div><\/div><div class=\"white-txt wpb_animate_when_almost_visible wpb_fadeInUp fadeInUp wpb_column vc_column_container vc_col-sm-6 vc_hidden-xs vc_col-has-fill\"><div class=\"vc_column-inner vc_custom_1642090351526\"><div class=\"wpb_wrapper\">\n\t<div class=\"wpb_text_column wpb_content_element\" >\n\t\t<div class=\"wpb_wrapper\">\n\t\t\t<h3>CAPITAL \/ FINANCEMENT<\/h3>\n\n\t\t<\/div>\n\t<\/div>\n<div class=\"vc_empty_space\"   style=\"height: 40px\"><span class=\"vc_empty_space_inner\"><\/span><\/div>\n\t<div class=\"wpb_text_column wpb_content_element\" >\n\t\t<div class=\"wpb_wrapper\">\n\t\t\t<p>Lorsque le locataire choisit d&rsquo;acqu\u00e9rir l&rsquo;\u00e9quipement, la dur\u00e9e est g\u00e9n\u00e9ralement sup\u00e9rieure \u00e0 75 % de la dur\u00e9e de vie utile de l&rsquo;\u00e9quipement et peut inclure un transfert automatique du titre de propri\u00e9t\u00e9 pour un prix d&rsquo;achat fixe \u00e0 la fin de la location. Un contrat de location-acquisition\/financement figure g\u00e9n\u00e9ralement \u00e0 l&rsquo;actif du bilan du preneur et est amorti sur la dur\u00e9e de vie utile de l&rsquo;\u00e9quipement.<\/p>\n\n\t\t<\/div>\n\t<\/div>\n<\/div><\/div><\/div><\/div><div class=\"vc_row wpb_row vc_row-fluid vc_custom_1563798648499 vc_column-gap-30 vc_row-o-equal-height vc_row-flex\"><div class=\"white-txt wpb_animate_when_almost_visible wpb_fadeInUp fadeInUp wpb_column vc_column_container vc_col-sm-6 vc_col-has-fill\"><div class=\"vc_column-inner vc_custom_1642090546197\"><div class=\"wpb_wrapper\">\n\t<div class=\"wpb_text_column wpb_content_element\" >\n\t\t<div class=\"wpb_wrapper\">\n\t\t\t<h3>PAIEMENT \u00c9CHELONN\u00c9\/DIFF\u00c9R\u00c9<\/h3>\n\n\t\t<\/div>\n\t<\/div>\n<div class=\"vc_empty_space\"   style=\"height: 40px\"><span class=\"vc_empty_space_inner\"><\/span><\/div>\n\t<div class=\"wpb_text_column wpb_content_element\" >\n\t\t<div class=\"wpb_wrapper\">\n\t\t\t<p>Avantageuses pour ceux qui ont des contraintes budg\u00e9taires ou des achats non planifi\u00e9s, les options de location \u00e0 paiement progressif ou diff\u00e9r\u00e9 sont structur\u00e9es de telle sorte que le loyer peut changer pendant la dur\u00e9e de la location. Les contrats de location \u00e0 paiement \u00e9chelonn\u00e9 et diff\u00e9r\u00e9 permettent au locataire de payer moins au d\u00e9but du contrat de location et plus tard. Les modifications de paiement sont indiqu\u00e9es au d\u00e9but du contrat de location et accept\u00e9es par le bailleur et le locataire.<\/p>\n\n\t\t<\/div>\n\t<\/div>\n<\/div><\/div><\/div><div class=\"white-txt wpb_animate_when_almost_visible wpb_fadeInUp fadeInUp wpb_column vc_column_container vc_col-sm-6 vc_col-has-fill\"><div class=\"vc_column-inner vc_custom_1642090541803\"><div class=\"wpb_wrapper\">\n\t<div class=\"wpb_text_column wpb_content_element\" >\n\t\t<div class=\"wpb_wrapper\">\n\t\t\t<h3>FINANCEMENT DE LOGICIELS<\/h3>\n\n\t\t<\/div>\n\t<\/div>\n<div class=\"vc_empty_space\"   style=\"height: 40px\"><span class=\"vc_empty_space_inner\"><\/span><\/div>\n\t<div class=\"wpb_text_column wpb_content_element\" >\n\t\t<div class=\"wpb_wrapper\">\n\t\t\t<p>Les fournisseurs de logiciels exigent souvent des financements multiples en fonction de la r\u00e9alisation de crit\u00e8res de r\u00e9f\u00e9rence pr\u00e9\u00e9tablis. C&rsquo;est pourquoi Ampil propose une solution IPA (Installment Payment Agreement) permettant de financer 100 % des co\u00fbts de logiciel, de maintenance, d&rsquo;int\u00e9gration et de support sur une p\u00e9riode d&rsquo;installation d\u00e9finie.<\/p>\n\n\t\t<\/div>\n\t<\/div>\n<\/div><\/div><\/div><\/div><div class=\"vc_row wpb_row vc_row-fluid vc_custom_1563798648499 vc_column-gap-30 vc_row-o-equal-height vc_row-flex\"><div class=\"white-txt wpb_animate_when_almost_visible wpb_fadeInUp fadeInUp wpb_column vc_column_container vc_col-sm-12 vc_col-has-fill\"><div class=\"vc_column-inner vc_custom_1642090551031\"><div class=\"wpb_wrapper\">\n\t<div class=\"wpb_text_column wpb_content_element\" >\n\t\t<div class=\"wpb_wrapper\">\n\t\t\t<h3>LA LOCATION COMME SERVICE<\/h3>\n\n\t\t<\/div>\n\t<\/div>\n<div class=\"vc_empty_space\"   style=\"height: 40px\"><span class=\"vc_empty_space_inner\"><\/span><\/div>\n\t<div class=\"wpb_text_column wpb_content_element\" >\n\t\t<div class=\"wpb_wrapper\">\n\t\t\t<p>Un contrat de location tout compris qui combine l&rsquo;utilisation de l&rsquo;\u00e9quipement, le support logiciel et les services g\u00e9r\u00e9s pour un paiement unique par appareil. Ce mod\u00e8le permet aux organisations d&rsquo;utiliser leur capital pour des investissements plus strat\u00e9giques tout en cr\u00e9ant un budget informatique pr\u00e9visible et un cycle naturel de rafra\u00eechissement de la technologie.<\/p>\n\n\t\t<\/div>\n\t<\/div>\n<\/div><\/div><\/div><\/div><div data-vc-full-width=\"true\" data-vc-full-width-temp=\"true\" data-vc-full-width-init=\"false\" class=\"vc_row wpb_row vc_row-fluid vc_custom_1561648720972 vc_column-gap-35\"><div class=\"wpb_column vc_column_container vc_col-sm-6\"><div class=\"vc_column-inner\"><div class=\"wpb_wrapper\">\n\t<div class=\"wpb_text_column wpb_content_element\" >\n\t\t<div class=\"wpb_wrapper\">\n\t\t\t<h2>NOTRE APPROCHE<\/h2>\n\n\t\t<\/div>\n\t<\/div>\n\n\t<div class=\"wpb_text_column wpb_content_element h6-list\" >\n\t\t<div class=\"wpb_wrapper\">\n\t\t\t<p>En mati\u00e8re de location de technologies, nous pensons que vous devez exiger davantage du partenaire de location que vous choisissez. Regardez cette vid\u00e9o pour en savoir plus sur notre approche.<\/p>\n\n\t\t<\/div>\n\t<\/div>\n<div class=\"vc_empty_space\"   style=\"height: 40px\"><span class=\"vc_empty_space_inner\"><\/span><\/div><div class=\"vc_btn3-container  blue-btn vc_btn3-inline vc_do_btn\" ><a style=\"background-color:#e82428; color:#ffffff;\" class=\"vc_general vc_btn3 vc_btn3-size-md vc_btn3-shape-rounded vc_btn3-style-custom\" href=\"https:\/\/www.iefc.ca\/fr\/notre-approche\/\" title=\"Notre approche\">D\u00e9couvrez Notre Approche<\/a><\/div><\/div><\/div><\/div><div class=\"wpb_column vc_column_container vc_col-sm-6\"><div class=\"vc_column-inner vc_custom_1560438138675\"><div class=\"wpb_wrapper\">\n\t<div class=\"wpb_text_column wpb_content_element\" >\n\t\t<div class=\"wpb_wrapper\">\n\t\t\t<p><iframe title=\"Lecteur vid\u00e9o YouTube\" src=\"https:\/\/www.youtube.com\/embed\/nl6usoHpKXQ\" width=\"560\" height=\"315\" frameborder=\"0\" allowfullscreen=\"allowfullscreen\"><\/iframe><\/p>\n\n\t\t<\/div>\n\t<\/div>\n<\/div><\/div><\/div><\/div><div class=\"vc_row-full-width vc_clearfix\"><\/div><!-- Row Backgrounds --><div class=\"upb_color\" data-bg-override=\"0\" data-bg-color=\"#f9f9f9\" data-fadeout=\"\" data-fadeout-percentage=\"30\" data-parallax-content=\"\" data-parallax-content-sense=\"30\" data-row-effect-mobile-disable=\"true\" data-img-parallax-mobile-disable=\"true\" data-rtl=\"false\"  data-custom-vc-row=\"\"  data-vc=\"8.7.2\"  data-is_old_vc=\"\"  data-theme-support=\"\"   data-overlay=\"false\" data-overlay-color=\"\" data-overlay-pattern=\"\" data-overlay-pattern-opacity=\"\" data-overlay-pattern-size=\"\"    ><\/div><div data-vc-full-width=\"true\" data-vc-full-width-temp=\"true\" data-vc-full-width-init=\"false\" class=\"vc_row wpb_row vc_row-fluid cta-dark vc_custom_1559757905106 vc_row-has-fill\"><div class=\"wpb_column vc_column_container vc_col-sm-8\"><div class=\"vc_column-inner\"><div class=\"wpb_wrapper\"><h4 style=\"color: #ffffff;text-align: left\" class=\"vc_custom_heading vc_do_custom_heading\" >Contactez notre \u00e9quipe de vente d\u00e8s aujourd'hui pour commencer<\/h4>\n\t<div class=\"wpb_text_column wpb_content_element\" >\n\t\t<div class=\"wpb_wrapper\">\n\t\t\t<p>Contactez-nous pour commencer \u00e0 discuter de votre programme personnalis\u00e9 d\u00e8s aujourd&rsquo;hui.<\/p>\n\n\t\t<\/div>\n\t<\/div>\n<\/div><\/div><\/div><div class=\"wpb_column vc_column_container vc_col-sm-4\"><div class=\"vc_column-inner\"><div class=\"wpb_wrapper\"><div class=\"vc_btn3-container  blue-btn vc_btn3-center vc_do_btn\" ><a style=\"background-color:#e82428; color:#ffffff;\" class=\"vc_general vc_btn3 vc_btn3-size-md vc_btn3-shape-rounded vc_btn3-style-custom\" href=\"https:\/\/www.iefc.ca\/fr\/nous-contacter\/\" title=\"Nous contacter\">Contactez nous d\u00e8s aujourd'hui<\/a><\/div><\/div><\/div><\/div><\/div><div class=\"vc_row-full-width vc_clearfix\"><\/div><div class=\"vc_row wpb_row vc_row-fluid vc_custom_1561053523714\"><div class=\"wpb_column vc_column_container vc_col-sm-12\"><div class=\"vc_column-inner\"><div class=\"wpb_wrapper\"><div class=\"ult-spacer spacer-69ddf15ad778f\" data-id=\"69ddf15ad778f\" data-height=\"80\" data-height-mobile=\"40\" data-height-tab=\"\" data-height-tab-portrait=\"40\" data-height-mobile-landscape=\"40\" style=\"clear:both;display:block;\"><\/div><h4 style=\"color: #ffffff;text-align: center\" class=\"vc_custom_heading vc_do_custom_heading\" >Ce que disent nos clients...<\/h4><div id=\"testimonials-slider-1\" class=\"testimonials-style2 style-dark\"><ul class=\"slides styled-list\" style=\"max-height:600px;\" ><li class=\"testimonials-slide\"><div class=\"testimonials-slide-content container\"><div class=\"text-container\"><span class=\"t-author\"><\/span><span class=\"testimonials_text_content\"><p style=\"text-align: center\"><span style=\"color: #ffffff\">\"Nous appr\u00e9cions l'\u00e9quipe que vous avez mise en place. Nous n'avons pas la m\u00eame exp\u00e9rience avec les autres vendeurs.\"<\/span><\/p><\/span><\/div><\/div><\/li><li class=\"testimonials-slide\"><div class=\"testimonials-slide-content container\"><div class=\"text-container\"><span class=\"t-author\"><\/span><span class=\"testimonials_text_content\"><p style=\"text-align: center\"><span style=\"color: #ffffff\">\"Je veux vanter les m\u00e9rites de Katrina et Kim. Elles sont si serviables, si gentilles et si constantes, en nous aidant tout au long du processus. Sans elles, nous n'aurions pas pu r\u00e9ussir.\"<\/span><\/p><\/span><\/div><\/div><\/li><li class=\"testimonials-slide\"><div class=\"testimonials-slide-content container\"><div class=\"text-container\"><span class=\"t-author\"><\/span><span class=\"testimonials_text_content\"><p style=\"text-align: center\"><span style=\"color: #ffffff\">\"Passer au leasing est la meilleure chose que nous ayons faite. Maintenant, la direction informatique n'a plus besoin d'aller voir les grad\u00e9s et de les supplier pour obtenir un budget tous les 5 \u00e0 7 ans pour remplacer des \u00e9quipements qui auraient d\u00fb \u00eatre remplac\u00e9s en 3 ans.\"<\/span><\/p><\/span><\/div><\/div><\/li><li class=\"testimonials-slide\"><div class=\"testimonials-slide-content container\"><div class=\"text-container\"><span class=\"t-author\"><\/span><span class=\"testimonials_text_content\"><p style=\"text-align: center\"><span style=\"color: #ffffff\">\"Le fait est malheureusement que l'enseignement public est mal financ\u00e9. Pour cette raison, une plus grande ing\u00e9niosit\u00e9 est n\u00e9cessaire pour atteindre nos objectifs, donc la cr\u00e9ativit\u00e9 et l'ing\u00e9niosit\u00e9 sont tr\u00e8s importantes pour nous. Sans des gens comme l'IFS, nous donnerions aux gens des calculatrices plut\u00f4t que des ordinateurs. En fin de compte, ce qui compte le plus, ce sont les gens, le mod\u00e8le d'entreprise et la capacit\u00e9 \u00e0 livrer rapidement et efficacement. Nous sommes en de tr\u00e8s bonnes mains avec Insight. Leur \u00e9quipe est de premier ordre et leur approche r\u00e9pond \u00e0 nos besoins uniques. Il est tr\u00e8s agr\u00e9able de travailler avec eux, ils sont toujours \u00e0 l'\u00e9coute et font rapidement avancer les choses.\"<\/span><\/p><\/span><\/div><\/div><\/li><li class=\"testimonials-slide\"><div class=\"testimonials-slide-content container\"><div class=\"text-container\"><span class=\"t-author\"><\/span><span class=\"testimonials_text_content\"><p style=\"text-align: center\"><span style=\"color: #ffffff\">\"Le d\u00e9ploiement du nouvel \u00e9quipement d'ordinateurs portables et de bureau dans tout le coll\u00e8ge a mis tout le monde sur la bonne voie avec une productivit\u00e9 ininterrompue. L'IFS a jou\u00e9 un r\u00f4le d\u00e9terminant dans la r\u00e9alisation de ce projet et, depuis lors, il est rest\u00e9 \u00e0 nos c\u00f4t\u00e9s pour nous aider \u00e0 r\u00e9pondre \u00e0 des besoins suppl\u00e9mentaires en cours de route. Nous sommes maintenant au point de proc\u00e9der \u00e0 un autre rafra\u00eechissement, et la flexibilit\u00e9 et l'approche d'IFS permettent de racheter certains des appareils qui ont encore une vie utile pendant que nous retournons et mettons \u00e0 niveau les autres. Leur service a \u00e9t\u00e9 exceptionnel, et nous appr\u00e9cions leur partenariat.\"<\/span><\/p><\/span><\/div><\/div><\/li><\/ul><\/div>\n\t\t\t<script type=\"text\/javascript\">\n\t\t\t  jQuery(document).ready(function(){\n\t\t\t\t\tvar who = jQuery('#testimonials-slider-1 ul.slides');\n\t\t\t\t\n\t\t\t\t\tvar opts = ['fade','horizontal','yes','6000','1000','no','yes','yes','dark'];\n\t\t\t\t\n\t\t\t\t\tif (opts[2] == 'yes') opts[2] = true; else opts[2] = false;\n\t\t\t\t\tif (opts[5] == 'yes') {\n\t\t\t\t\t\topts[5] = true;\n\t\t\t\t\t} else opts[5] = false;\n\t\t\t\t\tif (opts[6] == 'yes') {\n\t\t\t\t\t\topts[6] = true;\n\t\t\t\t\t} else opts[6] = false;\n\t\t\t\t\tif (opts[7] == 'yes') opts[7] = true; else opts[7] = false;\t\t\t\t\n\t\t\t\t\tif (opts[0] == 'fade') opts[0] = true; else opts[0] = false;\n\t\t\t\t\n\t\t\t\t\twho.slick({\n\t\t\t\t\t\tfade: opts[0],\n\t\t\t\t\t\tdots: opts[6], \n\t\t\t\t\t\tautoplay: opts[2], \n\t\t\t\t\t\tautoplaySpeed:opts[3], speed:opts[4], infinite: true,\n\t\t\t\t\t\tarrows: opts[5],\n\t\t\t\t\t\tadaptiveHeight:true,\n\t\t\t\t\t\tnextArrow:'<button type=\"button\" style=\"color:#333333; font-size:24px;\" class=\"slick-next default\"><i class=\"ultsl-arrow-right6\"><\/i><\/button>',\n\t\t\t\t\t\tprevArrow:'<button type=\"button\" style=\"color:#333333; font-size:24px;\" class=\"slick-prev default\"><i class=\"ultsl-arrow-left6\"><\/i><\/button>',\n\t\t\t\t\t\tswipe:true,\n\t\t\t\t\t\tdraggable:true,\n\t\t\t\t\t\ttouchMove:true,\n\t\t\t\t\t\tslidesToScroll: 1,\n\t\t\t\t\t\tslidesToShow: 1,\n\t\t\t\t\t\tpauseOnHover:opts[7],\n\t\t\t\t\t\tpauseOnDotsHover:opts[7],\n\t\t\t\t\t\tcustomPaging:function(slider,i){\n\t\t\t\t\t\t\treturn'<i type=\"button\" style=\"color:#333333;\" class=\"ultsl-record\" data-role=\"none\"><\/i>';\n\t\t\t\t\t\t}\n\t\t\t\t\t});\n\t\t\t\t\n\t\t\t  });\n\t\t\t  <\/script><div class=\"ult-spacer spacer-69ddf15ad8b2a\" data-id=\"69ddf15ad8b2a\" data-height=\"80\" data-height-mobile=\"40\" data-height-tab=\"\" data-height-tab-portrait=\"40\" data-height-mobile-landscape=\"40\" style=\"clear:both;display:block;\"><\/div><\/div><\/div><\/div><\/div><!-- Row Backgrounds --><div class=\"upb_bg_img\" data-ultimate-bg=\"url(https:\/\/www.iefc.ca\/wp-content\/uploads\/2019\/06\/client-testimonials-bg.png)\" data-image-id=\"id^7480|url^https:\/\/iefc.wpengine.com\/wp-content\/uploads\/2019\/06\/client-testimonials-bg.png|caption^null|alt^null|title^client-testimonials-bg|description^null\" data-ultimate-bg-style=\"vcpb-vz-jquery\" data-bg-img-repeat=\"no-repeat\" data-bg-img-size=\"cover\" data-bg-img-position=\"\" data-parallx_sense=\"30\" data-bg-override=\"ex-full\" data-bg_img_attach=\"scroll\" data-upb-overlay-color=\"rgba(10,10,10,0.28)\" data-upb-bg-animation=\"\" data-fadeout=\"\" data-bg-animation=\"left-animation\" data-bg-animation-type=\"h\" data-animation-repeat=\"repeat\" data-fadeout-percentage=\"30\" data-parallax-content=\"parallax_content_value\" data-parallax-content-sense=\"30\" data-row-effect-mobile-disable=\"true\" data-img-parallax-mobile-disable=\"true\" data-rtl=\"false\"  data-custom-vc-row=\"\"  data-vc=\"8.7.2\"  data-is_old_vc=\"\"  data-theme-support=\"\"   data-overlay=\"true\" data-overlay-color=\"rgba(10,10,10,0.28)\" data-overlay-pattern=\"\" data-overlay-pattern-opacity=\"0.8\" data-overlay-pattern-size=\"\" data-overlay-pattern-attachment=\"scroll\"    ><\/div>\n<\/div>","protected":false},"excerpt":{"rendered":"STRUCTURES DE LOCATION ADAPT\u00c9ES \u00c0 VOS BESOINS SOLUTION DE RAFRA\u00ceCHISSEMENT TECHNOLOGIQUE Con\u00e7u pour assurer et ex\u00e9cuter le futur rafra\u00eechissement de l'\u00e9quipement TI, le contrat comprend une d\u00e9pense mensuelle r\u00e9currente pendant la dur\u00e9e du bail et inclut la flexibilit\u00e9 de retourner, prolonger ou acheter l'\u00e9quipement \u00e0 la fin du bail. Pas de d\u00e9p\u00f4t ni de loyer [...]","protected":false},"author":1,"featured_media":0,"parent":0,"menu_order":0,"comment_status":"closed","ping_status":"closed","template":"template-home.php","meta":{"footnotes":""},"class_list":["post-10951","page","type-page","status-publish","hentry"],"yoast_head":"<!-- This site is optimized with the Yoast SEO plugin v27.3 - https:\/\/yoast.com\/product\/yoast-seo-wordpress\/ -->\n<title>Structures de location | IEFC Leasing<\/title>\n<meta name=\"description\" content=\"IEFC Leasing offre une grande vari\u00e9t\u00e9 de structures de location, chacune \u00e9tant con\u00e7ue pour r\u00e9pondre aux besoins de votre entreprise en pleine croissance.\" \/>\n<meta name=\"robots\" content=\"index, follow, max-snippet:-1, max-image-preview:large, max-video-preview:-1\" \/>\n<link rel=\"canonical\" href=\"https:\/\/www.iefc.ca\/fr\/structures-de-location\/\" \/>\n<meta property=\"og:locale\" content=\"fr_FR\" \/>\n<meta property=\"og:type\" content=\"article\" \/>\n<meta property=\"og:title\" content=\"Structures de location | IEFC Leasing\" \/>\n<meta property=\"og:description\" content=\"IEFC Leasing offre une grande vari\u00e9t\u00e9 de structures de location, chacune \u00e9tant con\u00e7ue pour r\u00e9pondre aux besoins de votre entreprise en pleine croissance.\" \/>\n<meta property=\"og:url\" content=\"https:\/\/www.iefc.ca\/fr\/structures-de-location\/\" \/>\n<meta property=\"og:site_name\" content=\"Insight Equipment Finance Corp.\" \/>\n<meta property=\"article:modified_time\" content=\"2023-04-04T22:45:49+00:00\" \/>\n<meta property=\"og:image\" content=\"https:\/\/www.iefc.ca\/wp-content\/uploads\/2022\/04\/IEFC-Social.png\" \/>\n\t<meta property=\"og:image:width\" content=\"900\" \/>\n\t<meta property=\"og:image:height\" content=\"540\" \/>\n\t<meta property=\"og:image:type\" content=\"image\/png\" \/>\n<meta name=\"twitter:card\" content=\"summary_large_image\" \/>\n<meta name=\"twitter:site\" content=\"@ifsleasing\" \/>\n<meta name=\"twitter:label1\" content=\"Dur\u00e9e de lecture estim\u00e9e\" \/>\n\t<meta name=\"twitter:data1\" content=\"3 minutes\" \/>\n<script type=\"application\/ld+json\" class=\"yoast-schema-graph\">{\"@context\":\"https:\\\/\\\/schema.org\",\"@graph\":[{\"@type\":\"WebPage\",\"@id\":\"https:\\\/\\\/www.iefc.ca\\\/fr\\\/structures-de-location\\\/\",\"url\":\"https:\\\/\\\/www.iefc.ca\\\/fr\\\/structures-de-location\\\/\",\"name\":\"Structures de location | IEFC Leasing\",\"isPartOf\":{\"@id\":\"https:\\\/\\\/www.iefc.ca\\\/fr\\\/#website\"},\"datePublished\":\"2019-06-20T17:19:55+00:00\",\"dateModified\":\"2023-04-04T22:45:49+00:00\",\"description\":\"IEFC Leasing offre une grande vari\u00e9t\u00e9 de structures de location, chacune \u00e9tant con\u00e7ue pour r\u00e9pondre aux besoins de votre entreprise en pleine croissance.\",\"breadcrumb\":{\"@id\":\"https:\\\/\\\/www.iefc.ca\\\/fr\\\/structures-de-location\\\/#breadcrumb\"},\"inLanguage\":\"fr-FR\",\"potentialAction\":[{\"@type\":\"ReadAction\",\"target\":[\"https:\\\/\\\/www.iefc.ca\\\/fr\\\/structures-de-location\\\/\"]}]},{\"@type\":\"BreadcrumbList\",\"@id\":\"https:\\\/\\\/www.iefc.ca\\\/fr\\\/structures-de-location\\\/#breadcrumb\",\"itemListElement\":[{\"@type\":\"ListItem\",\"position\":1,\"name\":\"Home\",\"item\":\"https:\\\/\\\/www.iefc.ca\\\/fr\\\/\"},{\"@type\":\"ListItem\",\"position\":2,\"name\":\"Structures de location\"}]},{\"@type\":\"WebSite\",\"@id\":\"https:\\\/\\\/www.iefc.ca\\\/fr\\\/#website\",\"url\":\"https:\\\/\\\/www.iefc.ca\\\/fr\\\/\",\"name\":\"Insight Equipment Finance Corp.\",\"description\":\"Experts in IT Refresh &amp; Equipment Leasing\",\"publisher\":{\"@id\":\"https:\\\/\\\/www.iefc.ca\\\/fr\\\/#organization\"},\"potentialAction\":[{\"@type\":\"SearchAction\",\"target\":{\"@type\":\"EntryPoint\",\"urlTemplate\":\"https:\\\/\\\/www.iefc.ca\\\/fr\\\/?s={search_term_string}\"},\"query-input\":{\"@type\":\"PropertyValueSpecification\",\"valueRequired\":true,\"valueName\":\"search_term_string\"}}],\"inLanguage\":\"fr-FR\"},{\"@type\":\"Organization\",\"@id\":\"https:\\\/\\\/www.iefc.ca\\\/fr\\\/#organization\",\"name\":\"Insight Equipment Finance Corporation\",\"url\":\"https:\\\/\\\/www.iefc.ca\\\/fr\\\/\",\"logo\":{\"@type\":\"ImageObject\",\"inLanguage\":\"fr-FR\",\"@id\":\"https:\\\/\\\/www.iefc.ca\\\/fr\\\/#\\\/schema\\\/logo\\\/image\\\/\",\"url\":\"https:\\\/\\\/iefc.wpengine.com\\\/wp-content\\\/uploads\\\/2015\\\/05\\\/IEFC-IFS-logo-2x.png\",\"contentUrl\":\"https:\\\/\\\/iefc.wpengine.com\\\/wp-content\\\/uploads\\\/2015\\\/05\\\/IEFC-IFS-logo-2x.png\",\"width\":482,\"height\":106,\"caption\":\"Insight Equipment Finance Corporation\"},\"image\":{\"@id\":\"https:\\\/\\\/www.iefc.ca\\\/fr\\\/#\\\/schema\\\/logo\\\/image\\\/\"},\"sameAs\":[\"https:\\\/\\\/x.com\\\/ifsleasing\",\"https:\\\/\\\/www.linkedin.com\\\/company\\\/insight-financial-services\\\/\",\"https:\\\/\\\/www.youtube.com\\\/channel\\\/UCva5_d7xltTHpbLk-x9TiiA\"]}]}<\/script>\n<!-- \/ Yoast SEO plugin. -->","yoast_head_json":{"title":"Structures de location | IEFC Leasing","description":"IEFC Leasing offre une grande vari\u00e9t\u00e9 de structures de location, chacune \u00e9tant con\u00e7ue pour r\u00e9pondre aux besoins de votre entreprise en pleine croissance.","robots":{"index":"index","follow":"follow","max-snippet":"max-snippet:-1","max-image-preview":"max-image-preview:large","max-video-preview":"max-video-preview:-1"},"canonical":"https:\/\/www.iefc.ca\/fr\/structures-de-location\/","og_locale":"fr_FR","og_type":"article","og_title":"Structures de location | IEFC Leasing","og_description":"IEFC Leasing offre une grande vari\u00e9t\u00e9 de structures de location, chacune \u00e9tant con\u00e7ue pour r\u00e9pondre aux besoins de votre entreprise en pleine croissance.","og_url":"https:\/\/www.iefc.ca\/fr\/structures-de-location\/","og_site_name":"Insight Equipment Finance Corp.","article_modified_time":"2023-04-04T22:45:49+00:00","og_image":[{"width":900,"height":540,"url":"https:\/\/www.iefc.ca\/wp-content\/uploads\/2022\/04\/IEFC-Social.png","type":"image\/png"}],"twitter_card":"summary_large_image","twitter_site":"@ifsleasing","twitter_misc":{"Dur\u00e9e de lecture estim\u00e9e":"3 minutes"},"schema":{"@context":"https:\/\/schema.org","@graph":[{"@type":"WebPage","@id":"https:\/\/www.iefc.ca\/fr\/structures-de-location\/","url":"https:\/\/www.iefc.ca\/fr\/structures-de-location\/","name":"Structures de location | IEFC Leasing","isPartOf":{"@id":"https:\/\/www.iefc.ca\/fr\/#website"},"datePublished":"2019-06-20T17:19:55+00:00","dateModified":"2023-04-04T22:45:49+00:00","description":"IEFC Leasing offre une grande vari\u00e9t\u00e9 de structures de location, chacune \u00e9tant con\u00e7ue pour r\u00e9pondre aux besoins de votre entreprise en pleine croissance.","breadcrumb":{"@id":"https:\/\/www.iefc.ca\/fr\/structures-de-location\/#breadcrumb"},"inLanguage":"fr-FR","potentialAction":[{"@type":"ReadAction","target":["https:\/\/www.iefc.ca\/fr\/structures-de-location\/"]}]},{"@type":"BreadcrumbList","@id":"https:\/\/www.iefc.ca\/fr\/structures-de-location\/#breadcrumb","itemListElement":[{"@type":"ListItem","position":1,"name":"Home","item":"https:\/\/www.iefc.ca\/fr\/"},{"@type":"ListItem","position":2,"name":"Structures de location"}]},{"@type":"WebSite","@id":"https:\/\/www.iefc.ca\/fr\/#website","url":"https:\/\/www.iefc.ca\/fr\/","name":"Insight Equipment Finance Corp.","description":"Experts in IT Refresh &amp; Equipment Leasing","publisher":{"@id":"https:\/\/www.iefc.ca\/fr\/#organization"},"potentialAction":[{"@type":"SearchAction","target":{"@type":"EntryPoint","urlTemplate":"https:\/\/www.iefc.ca\/fr\/?s={search_term_string}"},"query-input":{"@type":"PropertyValueSpecification","valueRequired":true,"valueName":"search_term_string"}}],"inLanguage":"fr-FR"},{"@type":"Organization","@id":"https:\/\/www.iefc.ca\/fr\/#organization","name":"Insight Equipment Finance Corporation","url":"https:\/\/www.iefc.ca\/fr\/","logo":{"@type":"ImageObject","inLanguage":"fr-FR","@id":"https:\/\/www.iefc.ca\/fr\/#\/schema\/logo\/image\/","url":"https:\/\/iefc.wpengine.com\/wp-content\/uploads\/2015\/05\/IEFC-IFS-logo-2x.png","contentUrl":"https:\/\/iefc.wpengine.com\/wp-content\/uploads\/2015\/05\/IEFC-IFS-logo-2x.png","width":482,"height":106,"caption":"Insight Equipment Finance Corporation"},"image":{"@id":"https:\/\/www.iefc.ca\/fr\/#\/schema\/logo\/image\/"},"sameAs":["https:\/\/x.com\/ifsleasing","https:\/\/www.linkedin.com\/company\/insight-financial-services\/","https:\/\/www.youtube.com\/channel\/UCva5_d7xltTHpbLk-x9TiiA"]}]}},"_links":{"self":[{"href":"https:\/\/www.iefc.ca\/fr\/wp-json\/wp\/v2\/pages\/10951","targetHints":{"allow":["GET"]}}],"collection":[{"href":"https:\/\/www.iefc.ca\/fr\/wp-json\/wp\/v2\/pages"}],"about":[{"href":"https:\/\/www.iefc.ca\/fr\/wp-json\/wp\/v2\/types\/page"}],"author":[{"embeddable":true,"href":"https:\/\/www.iefc.ca\/fr\/wp-json\/wp\/v2\/users\/1"}],"replies":[{"embeddable":true,"href":"https:\/\/www.iefc.ca\/fr\/wp-json\/wp\/v2\/comments?post=10951"}],"version-history":[{"count":0,"href":"https:\/\/www.iefc.ca\/fr\/wp-json\/wp\/v2\/pages\/10951\/revisions"}],"wp:attachment":[{"href":"https:\/\/www.iefc.ca\/fr\/wp-json\/wp\/v2\/media?parent=10951"}],"curies":[{"name":"wp","href":"https:\/\/api.w.org\/{rel}","templated":true}]}}